{"id":100,"date":"2023-01-20T23:31:01","date_gmt":"2023-01-20T22:31:01","guid":{"rendered":"https:\/\/www.jkharfa.cz\/?page_id=100"},"modified":"2025-03-18T13:08:39","modified_gmt":"2025-03-18T12:08:39","slug":"kontakt","status":"publish","type":"page","link":"https:\/\/www.jkharfa.cz\/?page_id=100","title":{"rendered":"Kontakt"},"content":{"rendered":"\r\n<p>Nebojte se n\u00e1m zavolat a zeptat se na cokoliv, co V\u00e1s zaj\u00edm\u00e1, a nebo se p\u0159ijet pod\u00edvat osobn\u011b \ud83d\ude42\u00a0 \u00a0<\/p>\r\n<p>S\u00eddlo st\u00e1je: <strong>Ohrobec, U Rybn\u00edka 36, <\/strong><strong>252 45 Zvole<\/strong>\u00a0<\/p>\r\n<p>Lenka \u0160est\u00e1kov\u00e1:\u00a0<strong>731 263 791<\/strong><\/p>\r\n<p>I\u010cO: Lenka \u0160est\u00e1kov\u00e1 &#8211; <strong>71273841<\/strong><\/p>\r\n<p>\u00a0 \u00a0 \u00a0 \u00a0 \u00a0 JK Harfa &#8211; <strong>26542568<\/strong><\/p>\r\n<p><strong>Email: <\/strong><a href=\"mailto:jkharfa@seznam.cz\">jkharfa@seznam.cz<\/a><\/p>\r\n<p><strong>P\u0159esn\u00e1 poloha (mapy.cz):<\/strong><\/p>\r\n\r\n\r\n\r\n<h6 class=\"wp-block-heading\">\r\n\r\n<\/h6>\r\n<h6 class=\"wp-block-heading\">\r\n\r\n<\/h6>\r\n<h6 class=\"wp-block-heading\">\r\n\r\n<\/h6>\r\n\r\n\r\n\r\n<figure class=\"wp-block-image size-full is-resized\"><img fetchpriority=\"high\" decoding=\"async\" class=\"wp-image-131\" src=\"https:\/\/www.jkharfa.cz\/wp-content\/uploads\/2023\/01\/mapycz-qr.png\" alt=\"\" width=\"226\" height=\"226\" srcset=\"https:\/\/www.jkharfa.cz\/wp-content\/uploads\/2023\/01\/mapycz-qr.png 500w, https:\/\/www.jkharfa.cz\/wp-content\/uploads\/2023\/01\/mapycz-qr-300x300.png 300w, https:\/\/www.jkharfa.cz\/wp-content\/uploads\/2023\/01\/mapycz-qr-150x150.png 150w\" sizes=\"(max-width: 226px) 100vw, 226px\" \/><\/figure>\r\n\r\n\r\n\r\n<figure class=\"wp-block-image size-large\"><img decoding=\"async\" width=\"1024\" height=\"725\" class=\"wp-image-132\" src=\"https:\/\/www.jkharfa.cz\/wp-content\/uploads\/2023\/01\/Screenshot-2023-01-21-at-0.17.10-1024x725.png\" alt=\"\" srcset=\"https:\/\/www.jkharfa.cz\/wp-content\/uploads\/2023\/01\/Screenshot-2023-01-21-at-0.17.10-1024x725.png 1024w, https:\/\/www.jkharfa.cz\/wp-content\/uploads\/2023\/01\/Screenshot-2023-01-21-at-0.17.10-300x213.png 300w, https:\/\/www.jkharfa.cz\/wp-content\/uploads\/2023\/01\/Screenshot-2023-01-21-at-0.17.10-768x544.png 768w, https:\/\/www.jkharfa.cz\/wp-content\/uploads\/2023\/01\/Screenshot-2023-01-21-at-0.17.10-1536x1088.png 1536w, https:\/\/www.jkharfa.cz\/wp-content\/uploads\/2023\/01\/Screenshot-2023-01-21-at-0.17.10-676x479.png 676w, https:\/\/www.jkharfa.cz\/wp-content\/uploads\/2023\/01\/Screenshot-2023-01-21-at-0.17.10.png 1584w\" sizes=\"(max-width: 1024px) 100vw, 1024px\" \/><\/figure>\r\n","protected":false},"excerpt":{"rendered":"<p>Nebojte se n\u00e1m zavolat a zeptat se na cokoliv, co V\u00e1s zaj\u00edm\u00e1, a nebo se p\u0159ijet pod\u00edvat osobn\u011b \ud83d\ude42\u00a0 \u00a0 S\u00eddlo st\u00e1je: Ohrobec, U Rybn\u00edka 36, 252 45 Zvole\u00a0 Lenka \u0160est\u00e1kov\u00e1:\u00a0731 263 791 I\u010cO: Lenka \u0160est\u00e1kov\u00e1 &#8211; 71273841 \u00a0 \u00a0 \u00a0 \u00a0 \u00a0 JK Harfa &#8211; 26542568 Email: jkharfa@seznam.cz P\u0159esn\u00e1 poloha (mapy.cz):<\/p>\n","protected":false},"author":1,"featured_media":0,"parent":0,"menu_order":0,"comment_status":"closed","ping_status":"closed","template":"","meta":{"footnotes":""},"class_list":["post-100","page","type-page","status-publish","hentry"],"_links":{"self":[{"href":"https:\/\/www.jkharfa.cz\/index.php?rest_route=\/wp\/v2\/pages\/100","targetHints":{"allow":["GET"]}}],"collection":[{"href":"https:\/\/www.jkharfa.cz\/index.php?rest_route=\/wp\/v2\/pages"}],"about":[{"href":"https:\/\/www.jkharfa.cz\/index.php?rest_route=\/wp\/v2\/types\/page"}],"author":[{"embeddable":true,"href":"https:\/\/www.jkharfa.cz\/index.php?rest_route=\/wp\/v2\/users\/1"}],"replies":[{"embeddable":true,"href":"https:\/\/www.jkharfa.cz\/index.php?rest_route=%2Fwp%2Fv2%2Fcomments&post=100"}],"version-history":[{"count":9,"href":"https:\/\/www.jkharfa.cz\/index.php?rest_route=\/wp\/v2\/pages\/100\/revisions"}],"predecessor-version":[{"id":481,"href":"https:\/\/www.jkharfa.cz\/index.php?rest_route=\/wp\/v2\/pages\/100\/revisions\/481"}],"wp:attachment":[{"href":"https:\/\/www.jkharfa.cz\/index.php?rest_route=%2Fwp%2Fv2%2Fmedia&parent=100"}],"curies":[{"name":"wp","href":"https:\/\/api.w.org\/{rel}","templated":true}]}}